{"id":777,"date":"2025-10-12T07:11:32","date_gmt":"2025-10-12T07:11:32","guid":{"rendered":"https:\/\/constructora.grupobi.com.py\/quem-somos\/"},"modified":"2025-10-12T07:11:32","modified_gmt":"2025-10-12T07:11:32","slug":"quem-somos","status":"publish","type":"page","link":"https:\/\/constructora.grupobi.com.py\/pt-br\/quem-somos\/","title":{"rendered":"Quem somos"},"content":{"rendered":"<p class=\"title-description-up\">Grupo BI<\/p><h1 class=\"entry-title big-text\">Quem<br \/>\nsomos<\/h1>\n<p>Somos uma construtora que faz parte do holding de empresas chamado GRUPOBI e, em conjunto com um seleto grupo de profissionais, enfrentamos diversos desafios imobili\u00e1rios que, at\u00e9 o momento, representam uma vasta experi\u00eancia para nossa equipe e para os colaboradores que se somam a cada projeto.<\/p>\n<p>Com 4 anos no setor imobili\u00e1rio, formamos uma equipe de constru\u00e7\u00e3o com 250 membros e conclu\u00edmos um total de 10.000 m constru\u00eddos.<\/p>\n<p>&nbsp;<\/p>\n<h2 data-start=\"605\" data-end=\"619\">Miss\u00e3o<\/h2>\n<p data-start=\"620\" data-end=\"825\">Projetar e construir projetos de excel\u00eancia que agreguem valor \u00e0s pessoas e \u00e0s comunidades, aplicando inova\u00e7\u00e3o, responsabilidade e qualidade em cada detalhe, do planejamento \u00e0 entrega final.<\/p>\n<h2 data-start=\"832\" data-end=\"846\">Vis\u00e3o<\/h2>\n<p data-start=\"847\" data-end=\"1096\">Ser reconhecidos como uma empresa l\u00edder no setor da constru\u00e7\u00e3o e imobili\u00e1rio, destacando-nos pela capacidade de <strong data-start=\"968\" data-end=\"1012\">criar espa\u00e7os sustent\u00e1veis e funcionais<\/strong> que melhorem a vida das pessoas e fortale\u00e7am o crescimento das cidades.<\/p>\n<a class=\"socail-text\" href=\"#\" target=\"_self\">TW.<\/a><a class=\"socail-text\" href=\"#\" target=\"_self\">FB.<\/a><a class=\"socail-text\" href=\"#\" target=\"_self\">IN.<\/a><a class=\"socail-text\" href=\"#\" target=\"_self\">BE.<\/a>\n","protected":false},"excerpt":{"rendered":"<p>Somos uma construtora que faz parte do holding de empresas chamado GRUPOBI e, em conjunto com um seleto grupo de profissionais, enfrentamos diversos desafios imobili\u00e1rios que, at\u00e9 o momento, representam uma vasta experi\u00eancia para nossa equipe e para os colaboradores que se somam a cada projeto. Com 4 anos no setor imobili\u00e1rio, formamos uma equipe [&hellip;]<\/p>\n","protected":false},"author":3,"featured_media":0,"parent":0,"menu_order":2,"comment_status":"closed","ping_status":"closed","template":"page-split.php","meta":{"footnotes":""},"class_list":["post-777","page","type-page","status-publish","hentry"],"jetpack_sharing_enabled":true,"_links":{"self":[{"href":"https:\/\/constructora.grupobi.com.py\/pt-br\/wp-json\/wp\/v2\/pages\/777","targetHints":{"allow":["GET"]}}],"collection":[{"href":"https:\/\/constructora.grupobi.com.py\/pt-br\/wp-json\/wp\/v2\/pages"}],"about":[{"href":"https:\/\/constructora.grupobi.com.py\/pt-br\/wp-json\/wp\/v2\/types\/page"}],"author":[{"embeddable":true,"href":"https:\/\/constructora.grupobi.com.py\/pt-br\/wp-json\/wp\/v2\/users\/3"}],"replies":[{"embeddable":true,"href":"https:\/\/constructora.grupobi.com.py\/pt-br\/wp-json\/wp\/v2\/comments?post=777"}],"version-history":[{"count":0,"href":"https:\/\/constructora.grupobi.com.py\/pt-br\/wp-json\/wp\/v2\/pages\/777\/revisions"}],"wp:attachment":[{"href":"https:\/\/constructora.grupobi.com.py\/pt-br\/wp-json\/wp\/v2\/media?parent=777"}],"curies":[{"name":"wp","href":"https:\/\/api.w.org\/{rel}","templated":true}]}}